{"id":15,"date":"2020-08-20T07:29:55","date_gmt":"2020-08-20T07:29:55","guid":{"rendered":"https:\/\/services-psychoeducation.com\/index.php\/home\/"},"modified":"2023-12-31T02:47:03","modified_gmt":"2023-12-31T02:47:03","slug":"home","status":"publish","type":"page","link":"https:\/\/services-psychoeducation.com\/","title":{"rendered":"Approche bienveillante au service de votre \u00e9quilibre!"},"content":{"rendered":"\n<p><\/p>\n\n\n\n<div class=\"wp-container-3 wp-block-columns are-vertically-aligned-top\">\n<div class=\"wp-container-2 wp-block-column is-vertically-aligned-top\" style=\"flex-basis:100%\">\n<div class=\"wp-container-1 wp-block-group alignfull has-ast-global-color-2-color has-ast-global-color-4-background-color has-text-color has-background\"><div class=\"wp-block-group__inner-container\">\n<p><\/p>\n\n\n\n<h2 class=\"has-text-align-center\">Choisir la psycho\u00e9ducation<\/h2>\n\n\n\n<p><\/p>\n\n\n\n<div class=\"wp-block-media-text is-stacked-on-mobile is-vertically-aligned-top\" style=\"grid-template-columns:45% auto\"><figure class=\"wp-block-media-text__media\"><img loading=\"lazy\" width=\"940\" height=\"788\" src=\"https:\/\/services-psychoeducation.com\/wp-content\/uploads\/2022\/09\/Sans-titre-4.png\" alt=\"\" class=\"wp-image-26633 size-full\" srcset=\"https:\/\/services-psychoeducation.com\/wp-content\/uploads\/2022\/09\/Sans-titre-4.png 940w, https:\/\/services-psychoeducation.com\/wp-content\/uploads\/2022\/09\/Sans-titre-4-300x251.png 300w, https:\/\/services-psychoeducation.com\/wp-content\/uploads\/2022\/09\/Sans-titre-4-768x644.png 768w, https:\/\/services-psychoeducation.com\/wp-content\/uploads\/2022\/09\/Sans-titre-4-600x503.png 600w\" sizes=\"(max-width: 940px) 100vw, 940px\" \/><\/figure><div class=\"wp-block-media-text__content\">\n<h3 class=\"has-text-align-center has-text-color\" style=\"color:#000000\">Pour le professionnalisme<\/h3>\n\n\n\n<ul><li>Avec un(e) professionnel(le) faisant partie de l&#8217;Ordre des psycho\u00e9ducateurs et psycho\u00e9ducatrices du Qu\u00e9bec ayant une formation universitaire de deuxi\u00e8me cycle en psycho\u00e9ducation;<\/li><li>Pour l&#8217;expertise d&#8217;intervention aupr\u00e8s des personnes vivant des difficult\u00e9s d&#8217;adaptation.<\/li><\/ul>\n<\/div><\/div>\n\n\n\n<p><\/p>\n\n\n\n<div class=\"wp-block-media-text alignwide has-media-on-the-right is-stacked-on-mobile\"><figure class=\"wp-block-media-text__media\"><img loading=\"lazy\" width=\"1024\" height=\"683\" src=\"https:\/\/services-psychoeducation.com\/wp-content\/uploads\/2022\/09\/magic-cube-gbd136d15a_1920-1024x683.jpg\" alt=\"\" class=\"wp-image-26658 size-full\" srcset=\"https:\/\/services-psychoeducation.com\/wp-content\/uploads\/2022\/09\/magic-cube-gbd136d15a_1920-1024x683.jpg 1024w, https:\/\/services-psychoeducation.com\/wp-content\/uploads\/2022\/09\/magic-cube-gbd136d15a_1920-300x200.jpg 300w, https:\/\/services-psychoeducation.com\/wp-content\/uploads\/2022\/09\/magic-cube-gbd136d15a_1920-768x512.jpg 768w, https:\/\/services-psychoeducation.com\/wp-content\/uploads\/2022\/09\/magic-cube-gbd136d15a_1920-1536x1024.jpg 1536w, https:\/\/services-psychoeducation.com\/wp-content\/uploads\/2022\/09\/magic-cube-gbd136d15a_1920-930x620.jpg 930w, https:\/\/services-psychoeducation.com\/wp-content\/uploads\/2022\/09\/magic-cube-gbd136d15a_1920-600x400.jpg 600w, https:\/\/services-psychoeducation.com\/wp-content\/uploads\/2022\/09\/magic-cube-gbd136d15a_1920.jpg 1920w\" sizes=\"(max-width: 1024px) 100vw, 1024px\" \/><\/figure><div class=\"wp-block-media-text__content\">\n<h3 class=\"has-text-align-center\">Pour obtenir de l&#8217;aide selon vos besoins<\/h3>\n\n\n\n<ul><li>Pour vous, vos enfants et adolescents, votre famille.<\/li><li>Pour des difficult\u00e9s comportementales ou \u00e9motionnelles.<\/li><li>Pour trouver des moyens \u00e9prouv\u00e9s d&#8217;accompagnement d&#8217;une personne ayant des diagnostics ou des sympt\u00f4mes anxiod\u00e9pressifs, oppositionnels, du spectre de l&#8217;autisme, du d\u00e9ficit d&#8217;attention et d&#8217;hyperactivit\u00e9, etc.<\/li><li>Pour pr\u00e9parer ou passer \u00e0 travers un changement ou une transition important.<\/li><li>Pour d\u00e9velopper de nouvelles habilit\u00e9s sociales ou les pratiquer.<\/li><\/ul>\n<\/div><\/div>\n\n\n\n<p><\/p>\n\n\n\n<div class=\"wp-block-media-text alignwide is-stacked-on-mobile is-vertically-aligned-top\"><figure class=\"wp-block-media-text__media\"><img loading=\"lazy\" width=\"1024\" height=\"628\" src=\"https:\/\/services-psychoeducation.com\/wp-content\/uploads\/2022\/09\/sunset-g388ec710d_1920-1024x628.jpg\" alt=\"\" class=\"wp-image-26632 size-full\" srcset=\"https:\/\/services-psychoeducation.com\/wp-content\/uploads\/2022\/09\/sunset-g388ec710d_1920-1024x628.jpg 1024w, https:\/\/services-psychoeducation.com\/wp-content\/uploads\/2022\/09\/sunset-g388ec710d_1920-300x184.jpg 300w, https:\/\/services-psychoeducation.com\/wp-content\/uploads\/2022\/09\/sunset-g388ec710d_1920-768x471.jpg 768w, https:\/\/services-psychoeducation.com\/wp-content\/uploads\/2022\/09\/sunset-g388ec710d_1920-1536x942.jpg 1536w, https:\/\/services-psychoeducation.com\/wp-content\/uploads\/2022\/09\/sunset-g388ec710d_1920-600x368.jpg 600w, https:\/\/services-psychoeducation.com\/wp-content\/uploads\/2022\/09\/sunset-g388ec710d_1920.jpg 1920w\" sizes=\"(max-width: 1024px) 100vw, 1024px\" \/><\/figure><div class=\"wp-block-media-text__content\">\n<h3>Pour l&#8217;approche d&#8217;intervention <\/h3>\n\n\n\n<ul><li>Approche psycho\u00e9ducative s&#8217;appuie sur les forces de la personne et de ses milieux de vie ainsi que sur les interactions de la personne avec son entourage.<\/li><li>Approche psycho\u00e9ducative vise \u00e0 r\u00e9tablir l&#8217;\u00e9quilibre et le bien-\u00eatre de la personne.<\/li><li>Analyse de la situation et des besoins de la personne sont \u00e0 la base de l&#8217;intervention.<\/li><li>Analyse de la situation et des besoins de la personne sont \u00e0 la base de l&#8217;intervention.<\/li><li>Respect du rythme de la personne dans son cheminement vers son \u00e9quilibre.<\/li><li>Interventions bas\u00e9es sur les pratiques probantes (d\u00e9montrant leur efficacit\u00e9).<\/li><\/ul>\n<\/div><\/div>\n<\/div><\/div>\n<\/div>\n<\/div>\n\n\n\n<div class=\"wp-container-6 wp-block-group alignfull has-ast-global-color-5-background-color has-background\"><div class=\"wp-block-group__inner-container\">\n<div class=\"wp-container-5 wp-block-columns\">\n<div class=\"wp-container-4 wp-block-column\"><\/div>\n<\/div>\n<\/div><\/div>\n\n\n\n<p><\/p>\n","protected":false},"excerpt":{"rendered":"<p>Choisir la psycho\u00e9ducation Pour le professionnalisme Avec un(e) professionnel(le) faisant partie de l&#8217;Ordre des psycho\u00e9ducateurs et psycho\u00e9ducatrices du Qu\u00e9bec ayant une formation universitaire de deuxi\u00e8me cycle en psycho\u00e9ducation; Pour l&#8217;expertise d&#8217;intervention aupr\u00e8s des personnes vivant des difficult\u00e9s d&#8217;adaptation. Pour obtenir de l&#8217;aide selon vos besoins Pour vous, vos enfants et adolescents, votre famille. Pour des&hellip;&nbsp;<a href=\"https:\/\/services-psychoeducation.com\/\" class=\"\" rel=\"bookmark\">Read More &raquo;<span class=\"screen-reader-text\">Approche bienveillante au service de votre \u00e9quilibre!<\/span><\/a><\/p>\n","protected":false},"author":1,"featured_media":0,"parent":0,"menu_order":0,"comment_status":"closed","ping_status":"closed","template":"","meta":{"om_disable_all_campaigns":false,"_monsterinsights_skip_tracking":false,"_monsterinsights_sitenote_active":false,"_monsterinsights_sitenote_note":"","_monsterinsights_sitenote_category":0,"neve_meta_sidebar":"","neve_meta_container":"","neve_meta_enable_content_width":"","neve_meta_content_width":0,"neve_meta_title_alignment":"","neve_meta_author_avatar":"","neve_post_elements_order":"","neve_meta_disable_header":"","neve_meta_disable_footer":"","neve_meta_disable_title":""},"aioseo_notices":[],"uagb_featured_image_src":{"full":false,"thumbnail":false,"medium":false,"medium_large":false,"large":false,"1536x1536":false,"2048x2048":false,"neve-blog":false},"uagb_author_info":{"display_name":"anna.b.psychoeducatrice@gmail.com","author_link":"https:\/\/services-psychoeducation.com\/index.php\/author\/anna-b-psychoeducatricegmail-com\/"},"uagb_comment_info":0,"uagb_excerpt":"Choisir la psycho\u00e9ducation Pour le professionnalisme Avec un(e) professionnel(le) faisant partie de l&#8217;Ordre des psycho\u00e9ducateurs et psycho\u00e9ducatrices du Qu\u00e9bec ayant une formation universitaire de deuxi\u00e8me cycle en psycho\u00e9ducation; Pour l&#8217;expertise d&#8217;intervention aupr\u00e8s des personnes vivant des difficult\u00e9s d&#8217;adaptation. Pour obtenir de l&#8217;aide selon vos besoins Pour vous, vos enfants et adolescents, votre famille. Pour des&hellip;&nbsp;Read&hellip;","_links":{"self":[{"href":"https:\/\/services-psychoeducation.com\/index.php\/wp-json\/wp\/v2\/pages\/15"}],"collection":[{"href":"https:\/\/services-psychoeducation.com\/index.php\/wp-json\/wp\/v2\/pages"}],"about":[{"href":"https:\/\/services-psychoeducation.com\/index.php\/wp-json\/wp\/v2\/types\/page"}],"author":[{"embeddable":true,"href":"https:\/\/services-psychoeducation.com\/index.php\/wp-json\/wp\/v2\/users\/1"}],"replies":[{"embeddable":true,"href":"https:\/\/services-psychoeducation.com\/index.php\/wp-json\/wp\/v2\/comments?post=15"}],"version-history":[{"count":18,"href":"https:\/\/services-psychoeducation.com\/index.php\/wp-json\/wp\/v2\/pages\/15\/revisions"}],"predecessor-version":[{"id":26734,"href":"https:\/\/services-psychoeducation.com\/index.php\/wp-json\/wp\/v2\/pages\/15\/revisions\/26734"}],"wp:attachment":[{"href":"https:\/\/services-psychoeducation.com\/index.php\/wp-json\/wp\/v2\/media?parent=15"}],"curies":[{"name":"wp","href":"https:\/\/api.w.org\/{rel}","templated":true}]}}